{"id":1179,"date":"2019-10-22T19:25:48","date_gmt":"2019-10-22T17:25:48","guid":{"rendered":"https:\/\/test.schnookeloch-heidelberg.de\/?page_id=1179"},"modified":"2023-08-24T12:30:44","modified_gmt":"2023-08-24T10:30:44","slug":"drinks","status":"publish","type":"page","link":"https:\/\/www.schnookeloch-heidelberg.de\/?page_id=1179","title":{"rendered":"Getr\u00e4nke"},"content":{"rendered":"\t\t<div data-elementor-type=\"wp-post\" data-elementor-id=\"1179\" class=\"elementor elementor-1179\" data-elementor-settings=\"[]\">\n\t\t\t<div class=\"elementor-inner\">\n\t\t\t\t<div class=\"elementor-section-wrap\">\n\t\t\t\t\t\t\t<section class=\"elementor-element elementor-element-17704a3b elementor-section-content-middle elementor-section-boxed elementor-section-height-default elementor-section-height-default elementor-section elementor-top-section\" data-id=\"17704a3b\" data-element_type=\"section\">\n\t\t\t\t\t\t<div class=\"elementor-container elementor-column-gap-default\">\n\t\t\t\t<div class=\"elementor-row\">\n\t\t\t\t<div class=\"elementor-element elementor-element-37d9cb68 elementor-column elementor-col-100 elementor-top-column\" data-id=\"37d9cb68\" data-element_type=\"column\">\n\t\t\t<div class=\"elementor-column-wrap  elementor-element-populated\">\n\t\t\t\t\t<div class=\"elementor-widget-wrap\">\n\t\t\t\t<div class=\"elementor-element elementor-element-19d7686 elementor-widget elementor-widget-text-editor\" data-id=\"19d7686\" data-element_type=\"widget\" data-widget_type=\"text-editor.default\">\n\t\t\t\t<div class=\"elementor-widget-container\">\n\t\t\t\t\t<div class=\"elementor-text-editor elementor-clearfix\"><h2 class=\"home-title\">Getr\u00e4nke<\/h2><\/div>\n\t\t\t\t<\/div>\n\t\t\t\t<\/div>\n\t\t\t\t<div class=\"elementor-element elementor-element-4a11bd2e elementor-tabs-view-horizontal elementor-widget elementor-widget-tabs\" data-id=\"4a11bd2e\" data-element_type=\"widget\" data-widget_type=\"tabs.default\">\n\t\t\t\t<div class=\"elementor-widget-container\">\n\t\t\t\t\t<div class=\"elementor-tabs\" role=\"tablist\">\n\t\t\t<div class=\"elementor-tabs-wrapper\">\n\t\t\t\t\t\t\t\t\t<div id=\"elementor-tab-title-1241\" class=\"elementor-tab-title elementor-tab-desktop-title\" data-tab=\"1\" role=\"tab\" aria-controls=\"elementor-tab-content-1241\"><a href=\"\">Alkoholfreie Getr\u00e4nke<\/a><\/div>\n\t\t\t\t\t\t\t\t\t<div id=\"elementor-tab-title-1242\" class=\"elementor-tab-title elementor-tab-desktop-title\" data-tab=\"2\" role=\"tab\" aria-controls=\"elementor-tab-content-1242\"><a href=\"\">Bier<\/a><\/div>\n\t\t\t\t\t\t\t\t\t<div id=\"elementor-tab-title-1243\" class=\"elementor-tab-title elementor-tab-desktop-title\" data-tab=\"3\" role=\"tab\" aria-controls=\"elementor-tab-content-1243\"><a href=\"\">Wein<\/a><\/div>\n\t\t\t\t\t\t\t\t\t<div id=\"elementor-tab-title-1244\" class=\"elementor-tab-title elementor-tab-desktop-title\" data-tab=\"4\" role=\"tab\" aria-controls=\"elementor-tab-content-1244\"><a href=\"\">Longdrinks & Spirituosen<\/a><\/div>\n\t\t\t\t\t\t\t\t\t<div id=\"elementor-tab-title-1245\" class=\"elementor-tab-title elementor-tab-desktop-title\" data-tab=\"5\" role=\"tab\" aria-controls=\"elementor-tab-content-1245\"><a href=\"\">Kaffee & Co.<\/a><\/div>\n\t\t\t\t\t\t\t<\/div>\n\t\t\t<div class=\"elementor-tabs-content-wrapper\">\n\t\t\t\t\t\t\t\t\t<div class=\"elementor-tab-title elementor-tab-mobile-title\" data-tab=\"1\" role=\"tab\">Alkoholfreie Getr\u00e4nke<\/div>\n\t\t\t\t\t<div id=\"elementor-tab-content-1241\" class=\"elementor-tab-content elementor-clearfix\" data-tab=\"1\" role=\"tabpanel\" aria-labelledby=\"elementor-tab-title-1241\"><ul class=\"food-menu menu-2cols\">\n<li>\n<h4><span class=\"menu-title\">Teinacher Gourmet Naturell oder Medium<\/span><br><span class=\"menu-price\">0,5l&nbsp; &nbsp; 5,60 EUR<\/span><br><span class=\"menu-price\">0,25l&nbsp; &nbsp; 3,40 EUR<\/span><\/h4>\n<\/li>\n<li>\n<h4><span class=\"menu-title\">Coca Cola<\/span><br><span class=\"menu-price\">0,4l&nbsp; &nbsp; 5,60 EUR<\/span><br><span class=\"menu-price\">0,2l&nbsp; &nbsp; 3,40 EUR<\/span><\/h4>\n<\/li>\n<li>\n<h4><span class=\"menu-title\">Coca Cola Light<\/span><br><span class=\"menu-price\">0,4l&nbsp; &nbsp; 5,60 EUR<\/span><br><span class=\"menu-price\">0,2l&nbsp; &nbsp; 3,40 EUR<\/span><\/h4>\n<\/li>\n<li>\n<h4><span class=\"menu-title\">Fanta<\/span><br><span class=\"menu-price\">0,4l&nbsp; &nbsp; 5,60 EUR<\/span><br><span class=\"menu-price\">0,2l&nbsp; &nbsp; 3,40 EUR<\/span><\/h4>\n<\/li>\n<li>\n<h4><span class=\"menu-title\">Spezi<\/span><br><span class=\"menu-price\">0,4l&nbsp; &nbsp; 5,60 EUR<\/span><br><span class=\"menu-price\">0,2l&nbsp; &nbsp; 3,40 EUR<\/span><\/h4>\n<\/li>\n<li>\n<h4><span class=\"menu-title\">Zitronenlinonade<\/span><br><span class=\"menu-price\">0,4l&nbsp; &nbsp; 5,60 EUR<\/span><br><span class=\"menu-price\">0,2l&nbsp; &nbsp; 3,40 EUR<\/span><\/h4>\n<\/li>\n<li>\n<h4><span class=\"menu-title\">Ginger Ale<\/span><br><span class=\"menu-price\">0,4l&nbsp; &nbsp; 4,80 EUR<\/span><br><span class=\"menu-price\">0,2l&nbsp; &nbsp; 2,80 EUR<\/span><\/h4>\n<\/li>\n<li>\n<h4><span class=\"menu-title\">Bitter Lemon<\/span><br><span class=\"menu-price\">0,4l&nbsp; &nbsp; 5,60 EUR<\/span><br><span class=\"menu-price\">0,2l&nbsp; &nbsp; 3,40 EUR<\/span><\/h4>\n<\/li>\n<li>\n<h4><span class=\"menu-title\">Tonic Water<\/span><br><span class=\"menu-price\">0,4l&nbsp; &nbsp; 5,60 EUR<\/span><br><span class=\"menu-price\">0,2l&nbsp; &nbsp; 3,40 EUR<\/span><\/h4>\n<\/li>\n<li>\n<h4><span class=\"menu-title\">Almdudler<\/span><span class=\"menu-price\">0,33l&nbsp; &nbsp; 4,80 EUR<\/span><\/h4>\n<\/li>\n<li>\n<h4><span class=\"menu-title\">Orangina gelb oder rouge<\/span><span class=\"menu-price\">0,2l&nbsp; &nbsp; 3,30 EUR<\/span><\/h4>\n<\/li>\n<li>\n<h4><span class=\"menu-title\">Teinacher Genuss-Limonade<\/span><span class=\"menu-price\">0,33l&nbsp; &nbsp; 4,90 EUR<\/span><\/h4>\n<div class=\"menu-text\">Rhabarber-Mirabelle, Johannisbeer-Holunder, Mango-Maracuja-Orange<\/div>\n<\/li>\n<li>\n<h4><span class=\"menu-title\">Pfalzwasser-Vinnade<\/span><span class=\"menu-price\">0,33l&nbsp; &nbsp; 5,20 EUR<\/span><\/h4>\n<div class=\"menu-text\">(alkoholfreier Wein)<\/div>\n<\/li>\n<li>\n<h4><span class=\"menu-title\">Apfelsaft in Flasche<\/span><span class=\"menu-price\">0,2l&nbsp; &nbsp; 3,40 EUR<\/span><\/h4>\n<\/li>\n<li>\n<h4><span class=\"menu-title\">Saftschorlen<\/span><br><span class=\"menu-price\">0,4l&nbsp; &nbsp; 4,50 EUR<\/span><\/h4>\n<\/li>\n<li>\n<h4><span class=\"menu-title\">S\u00e4fte in Flaschen<\/span><span class=\"menu-price\">0,2l&nbsp; &nbsp; 3,60 EUR<\/span><\/h4>\n<div class=\"menu-text\">Orangensaft, Ros\u00e9-Grapefruitsaft, Tomatensaft, Traubensaft wei\u00df<\/div>\n<\/li>\n<li>\n<h4><span class=\"menu-title\">Nektar in Flaschen<\/span><span class=\"menu-price\">0,2l&nbsp; &nbsp; 4,20 EUR<\/span><\/h4>\n<div class=\"menu-text\">Sauerkirsch-Nektar, Maracuja-Nektar, Schwarzer Johannisbeer-Nektar<\/div>\n<\/li>\n<\/ul><\/div>\n\t\t\t\t\t\t\t\t\t<div class=\"elementor-tab-title elementor-tab-mobile-title\" data-tab=\"2\" role=\"tab\">Bier<\/div>\n\t\t\t\t\t<div id=\"elementor-tab-content-1242\" class=\"elementor-tab-content elementor-clearfix\" data-tab=\"2\" role=\"tabpanel\" aria-labelledby=\"elementor-tab-title-1242\"><ul class=\"food-menu menu-2cols\">\n<li>\n<h4><span class=\"menu-title\">Pils &#8211; Hacker Pschorr &#8211; frisch gezapft<\/span><br><span class=\"menu-price\">0,5l&nbsp; &nbsp; 4,90 EUR<\/span><br><span class=\"menu-price\">0,3l&nbsp; &nbsp; 3,60 EUR<\/span><\/h4>\n<\/li>\n<li>\n<h4><span class=\"menu-title\">Hefeweizen &#8211; Hacker Pschorr frisch gezapft<\/span><br><span class=\"menu-price\">0,5l&nbsp; &nbsp; 4,90 EUR<\/span><br><span class=\"menu-price\">0,3l&nbsp; &nbsp; 3,60 EUR<\/span><\/h4>\n<\/li>\n<li>\n<h4><span class=\"menu-title\">Kellerbier &#8211; Hacker Pschorr &#8211; frisch gezapft<\/span><br><span class=\"menu-price\">0,5l&nbsp; &nbsp; 4,90 EUR<\/span><br><span class=\"menu-price\">0,3l&nbsp; &nbsp; 3,60 EUR<\/span><\/h4>\n<\/li>\n<li>\n<h4><span class=\"menu-title\">Hannen Alt &#8211; frisch gezapft<\/span><br><span class=\"menu-price\">0,4l&nbsp; &nbsp; 4,90 EUR<\/span><br><span class=\"menu-price\">0,2l&nbsp; &nbsp; 3,60 EUR<\/span><\/h4>\n<\/li>\n<li>\n<h4><span class=\"menu-title\">K\u00f6lsch Sion &#8211; frisch gezapft<\/span><br><span class=\"menu-price\">0,4l&nbsp; &nbsp; 4,90 EUR<\/span><br><span class=\"menu-price\">0,2l&nbsp; &nbsp; 3,60 EUR<\/span><\/h4>\n<\/li>\n<li>\n<h4><span class=\"menu-title\">Hacker Pschorr Radler<\/span><br><span class=\"menu-price\">0,5l&nbsp; &nbsp; 4,90 EUR<\/span><br><span class=\"menu-price\">0,3l&nbsp; &nbsp; 3,60 EUR<\/span><\/h4>\n<\/li>\n<li>\n<h4><span class=\"menu-title\">Hacker Pschorr Weizenradler<\/span><br><span class=\"menu-price\">0,5l&nbsp; &nbsp; 4,90 EUR<\/span><br><span class=\"menu-price\">0,3l&nbsp; &nbsp; 3,60 EUR<\/span><\/h4>\n<\/li>\n<li>\n<h4><span class=\"menu-title\">Bier im Stiefel<\/span><p><\/p>\n<p><span class=\"menu-price\">1,0l&nbsp; &nbsp; 9,60 EUR<\/span><\/p><\/h4>\n<\/li>\n<li>\n<h4><span class=\"menu-title\">Kristallweizen &#8211; Hacker Pschorr<\/span><p><\/p>\n<p><span class=\"menu-price\">0,5l&nbsp; &nbsp; 4,60 EUR<\/span><\/p><\/h4>\n<\/li>\n<li>\n<h4><span class=\"menu-title\">Dunkles Weizen &#8211; Hacker Pschorr<\/span><span class=\"menu-price\">0,5l&nbsp; &nbsp; 4,60 EUR<\/span><\/h4>\n<\/li>\n<li>\n<h4><span class=\"menu-title\">Alkoholfreies Weizen &#8211; Hacker Pschorr<\/span><span class=\"menu-price\">0,5l&nbsp; &nbsp; 4,60 EUR<\/span><\/h4>\n<\/li>\n<li>\n<h4><span class=\"menu-title\">Beck\u00b4s Alkoholfreies Pils<\/span><span class=\"menu-price\">0,33l&nbsp; &nbsp; 4,60 EUR<\/span><\/h4>\n<\/li>\n<li>\n<h4><span class=\"menu-title\">Chiemseer Helles<\/span><span class=\"menu-price\">0,5l&nbsp; &nbsp; 4,60 EUR<\/span><\/h4>\n<\/li>\n<li>\n<h4><span class=\"menu-title\">Paulaner Zwickl<\/span><span class=\"menu-price\">0,4l&nbsp; &nbsp; 4,60 EUR<\/span><\/h4>\n<\/li>\n<\/ul><\/div>\n\t\t\t\t\t\t\t\t\t<div class=\"elementor-tab-title elementor-tab-mobile-title\" data-tab=\"3\" role=\"tab\">Wein<\/div>\n\t\t\t\t\t<div id=\"elementor-tab-content-1243\" class=\"elementor-tab-content elementor-clearfix\" data-tab=\"3\" role=\"tabpanel\" aria-labelledby=\"elementor-tab-title-1243\"><ul class=\"food-menu menu-2cols\"><li><h4><span class=\"menu-title\">Wei\u00dfwein<\/span><\/h4><h4><span class=\"menu-title\">Riesling vom Fass<\/span><span class=\"menu-price\">0,25l\u00a0 \u00a0 6,90 EUR<\/span><\/h4><div class=\"menu-text\">Forst \/ Pfalz Trocken<\/div><\/li><li><h4><span class=\"menu-title\">Wei\u00dfwein<\/span><\/h4><h4><span class=\"menu-title\">Riesling Halbtrocken<\/span><span class=\"menu-price\">0,25l\u00a0 \u00a0 6,90 EUR<\/span><\/h4><div class=\"menu-text\">Forst \/ Pfalz<\/div><\/li><li><h4><span class=\"menu-title\">Scheurebe \/ Lieblich<\/span><span class=\"menu-price\">0,25l\u00a0 \u00a0 6,90 EUR<\/span><\/h4><div class=\"menu-text\">Forst \/ Pfalz<\/div><\/li><li><h4><span class=\"menu-title\">Grauburgunder \/ Trocken<\/span><span class=\"menu-price\">0,25l\u00a0 \u00a0 6,80 EUR<\/span><\/h4><div class=\"menu-text\">Ihringen \/ Baden<\/div><\/li><li><h4><span class=\"menu-title\">Wei\u00dfherbst<\/span><\/h4><h4><span class=\"menu-title\">Portugieser Wei\u00dfherbst QbA<\/span><span class=\"menu-price\">0,25l\u00a0 \u00a0 6,80 EUR<\/span><\/h4><div class=\"menu-text\">&#8220;Wachenheimer Mandelgarten&#8221;<\/div><\/li><li><h4><span class=\"menu-title\">Rotwein<\/span><\/h4><h4><span class=\"menu-title\">Landwein \/ Trocken<\/span><span class=\"menu-price\">0,25l\u00a0 \u00a0 5,60 EUR<\/span><\/h4><div class=\"menu-text\">Frankreich<\/div><\/li><li><h4><span class=\"menu-title\">Dornfelder \/ Trocken<\/span><span class=\"menu-price\">0,25l\u00a0 \u00a0 5,60 EUR<\/span><\/h4><div class=\"menu-text\">Pfalz<\/div><\/li><li><h4><span class=\"menu-title\">Sp\u00e4tburgunder \/ Halbtrocken<\/span><span class=\"menu-price\">0,25l\u00a0 \u00a0 5,90 EUR<\/span><\/h4><div class=\"menu-text\">Schriesheim \/ Bergstrasse<\/div><\/li><li><h4><span class=\"menu-title\">Weinschorle<\/span><br \/><span class=\"menu-price\">0,5l\u00a0 \u00a0 6,20 EUR<\/span><br \/><span class=\"menu-price\">0,25l\u00a0 \u00a0 5,60 EUR<\/span><\/h4><\/li><li><h4><span class=\"menu-title\">Wei\u00dfherbstschorle<\/span><br \/><span class=\"menu-price\">0,5l\u00a0 \u00a0 6,40 EUR<\/span><br \/><span class=\"menu-price\">0,25l\u00a0 \u00a0 4,20 EUR<\/span><\/h4><\/li><li><h4><span class=\"menu-title\">Pfalzwasser-Vinnade<\/span><\/h4><h4><span class=\"menu-price\">\u00a00,33l 4,50 EUR<\/span><\/h4><\/li><li><h4><span class=\"menu-title\">Prosecco &#8220;Villa Sandi&#8221; Spumante<\/span><br \/><span class=\"menu-price\">0,75l\u00a0 \u00a027,90 EUR<\/span><br \/><span class=\"menu-price\">0,1l\u00a0 \u00a0 4,10 EUR<\/span><\/h4><\/li><\/ul><\/div>\n\t\t\t\t\t\t\t\t\t<div class=\"elementor-tab-title elementor-tab-mobile-title\" data-tab=\"4\" role=\"tab\">Longdrinks & Spirituosen<\/div>\n\t\t\t\t\t<div id=\"elementor-tab-content-1244\" class=\"elementor-tab-content elementor-clearfix\" data-tab=\"4\" role=\"tabpanel\" aria-labelledby=\"elementor-tab-title-1244\"><ul class=\"food-menu menu-2cols\">\n<li>\n<h4><span class=\"menu-title\">Longdrinks<\/span><\/h4>\n<h4><span class=\"menu-title\">Tanqueray Gin Tonic<\/span><span class=\"menu-price\">0,3l&nbsp; &nbsp; 6,20 EUR<\/span><\/h4>\n<\/li>\n<li>\n<h4><span class=\"menu-title\">Jack Daniels Cola<\/span><span class=\"menu-price\">0,3l&nbsp; &nbsp; 6,80 EUR<\/span><\/h4>\n<\/li>\n<li>\n<h4><span class=\"menu-title\">Smirnoff Wodka Lemon, Tonic o. Orangen<\/span><span class=\"menu-price\">0,3l&nbsp; &nbsp; 6,20 EUR<\/span><\/h4>\n<\/li>\n<li>\n<h4><span class=\"menu-title\">Spirituosen<\/span><\/h4>\n<h4><span class=\"menu-title\">Obstler<\/span><span class=\"menu-price\">2 cl&nbsp; &nbsp; 3,80 EUR<\/span><\/h4>\n<\/li>\n<li>\n<h4><span class=\"menu-title\">Williams<\/span><span class=\"menu-price\">2 cl&nbsp; &nbsp; 3,80 EUR<\/span><\/h4>\n<\/li>\n<li>\n<h4><span class=\"menu-title\">Melone<\/span><span class=\"menu-price\">2 cl&nbsp; &nbsp; 3,80 EUR<\/span><\/h4>\n<\/li>\n<li>\n<h4><span class=\"menu-title\">Kirsch<\/span><span class=\"menu-price\">2 cl&nbsp; &nbsp; 3,80 EUR<\/span><\/h4>\n<\/li>\n<li>\n<h4><span class=\"menu-title\">Malteser<\/span><span class=\"menu-price\">2 cl&nbsp; &nbsp; 3,80 EUR<\/span><\/h4>\n<\/li>\n<li>\n<h4><span class=\"menu-title\">Schierker Feuerstein<\/span><span class=\"menu-price\">2 cl&nbsp; &nbsp; 3,10 EUR<\/span><\/h4>\n<\/li>\n<li>\n<h4><span class=\"menu-title\">Korn<\/span><span class=\"menu-price\">2 cl&nbsp; &nbsp; 3,80 EUR<\/span><\/h4>\n<\/li>\n<li>\n<h4><span class=\"menu-title\">Ouzo 12<\/span><span class=\"menu-price\">2 cl&nbsp; &nbsp; 3,10 EUR<\/span><\/h4>\n<\/li>\n<li>\n<h4><span class=\"menu-title\">Bailey`s Irish Cream<br><\/span><span class=\"menu-price\">2 cl&nbsp; &nbsp; 3,90 EUR<\/span><\/h4>\n<\/li>\n<li>\n<h4><span class=\"menu-title\"><b>Whiskey<\/b><\/span><\/h4>\n<h4><span class=\"menu-title\">Jack Daniel\u00b4s Old No.7<\/span><span class=\"menu-price\">2 cl&nbsp; &nbsp; 5,20 EUR<\/span><\/h4>\n<\/li>\n<li>\n<h4><span class=\"menu-title\">Jack Daniel\u00b4s Ginger<br><\/span><span class=\"menu-price\">4 cl&nbsp; &nbsp; 6,80 EUR<\/span><\/h4>\n<\/li>\n<li>\n<h4><span class=\"menu-title\"><b>Jack Daniel\u00b4s Fire Shot, Rye, Fire oder Honey<\/b><br><\/span><span class=\"menu-price\">2 cl&nbsp; &nbsp; 6,80 EUR<\/span><span class=\"menu-price\"><\/span><\/h4>\n<\/li>\n<li>\n<h4><span class=\"menu-title\"><b>Wild Turkey<\/b><br><\/span><span class=\"menu-price\">2 cl&nbsp; &nbsp; 5,20 EUR<\/span><span class=\"menu-price\"><\/span><\/h4>\n<\/li>\n<\/ul><\/div>\n\t\t\t\t\t\t\t\t\t<div class=\"elementor-tab-title elementor-tab-mobile-title\" data-tab=\"5\" role=\"tab\">Kaffee & Co.<\/div>\n\t\t\t\t\t<div id=\"elementor-tab-content-1245\" class=\"elementor-tab-content elementor-clearfix\" data-tab=\"5\" role=\"tabpanel\" aria-labelledby=\"elementor-tab-title-1245\"><ul class=\"food-menu menu-2cols\"><li><h4>\u00a0<\/h4><h4><span class=\"menu-title\">Tasse Kaffee<\/span><span class=\"menu-price\">3,40 EUR<\/span><\/h4><\/li><li><h4>Pott Kaffee<br \/><span class=\"menu-price\">4,70 EUR<\/span><\/h4><\/li><li><h4>Espressio doppio<br \/><span class=\"menu-price\">4,40 EUR<\/span><\/h4><\/li><li><h4>Espresso macchiato<\/h4><h4>Espresso mit Milchschaum<br \/><span class=\"menu-price\">3,30 EUR<\/span><\/h4><\/li><li><h4>Cappuccino italienisch<br \/>Cappucino mit Milchschaum<br \/><span class=\"menu-price\">3,90 EUR<\/span><\/h4><\/li><li><h4>Cappucino con parma<br \/>Cappucino mit Sahne<br \/><span class=\"menu-price\">\u00a04,10 EUR<\/span><\/h4><\/li><li><h4>Milchkaffee<br \/><span class=\"menu-price\">4,20 EUR<\/span><\/h4><\/li><li><h4>Latte Macciato<br \/><span class=\"menu-price\">4,40 EUR<\/span><\/h4><\/li><li><h4><span class=\"menu-title\">Irish Coffee<br \/>Espresso mit braunem Zucker, Irish Whiskey und Sahnehaube<br \/><\/span><span class=\"menu-price\">5,60 EUR<\/span><\/h4><\/li><li><h4>Hei\u00dfe Schokolade<br \/><span class=\"menu-price\">4,30 EUR<\/span><\/h4><\/li><li><h4>Hei\u00dfe Schokolade mit Sahne<br \/><span class=\"menu-price\">4,60 EUR<\/span><\/h4><\/li><li><h4><span class=\"menu-title\">Darjeeling (Schwarzer Tee)<br \/><\/span><span class=\"menu-price\">\u00a0 \u00a0 3,60 EUR<\/span><\/h4><\/li><li><h4>\u00a0<\/h4><h4><span class=\"menu-title\">Fr\u00fcchtetee<\/span><span class=\"menu-price\">3,60 EUR<\/span><\/h4><\/li><li><h4><span class=\"menu-title\">Pfefferminztee<br \/><\/span><span class=\"menu-price\">3,60 EUR<\/span><\/h4><\/li><li><h4><span class=\"menu-title\">Kamillentee<br \/><\/span><span class=\"menu-price\">3,60 EUR<\/span><\/h4><\/li><li><h4><span class=\"menu-price\">\u00a0<\/span><\/h4><\/li><\/ul><\/div>\n\t\t\t\t\t\t\t<\/div>\n\t\t<\/div>\n\t\t\t\t<\/div>\n\t\t\t\t<\/div>\n\t\t\t\t\t\t<\/div>\n\t\t\t<\/div>\n\t\t<\/div>\n\t\t\t\t\t\t<\/div>\n\t\t\t<\/div>\n\t\t<\/section>\n\t\t\t\t\t\t<\/div>\n\t\t\t<\/div>\n\t\t<\/div>\n\t\t","protected":false},"excerpt":{"rendered":"<p>Getr\u00e4nke Alkoholfreie Getr\u00e4nke Bier Wein Longdrinks &#038; Spirituosen Kaffee &#038; Co. Alkoholfreie Getr\u00e4nke Teinacher Gourmet Naturell oder Medium0,5l&nbsp; &nbsp; 5,60 EUR0,25l&nbsp; &nbsp; 3,40 EUR Coca Cola0,4l&nbsp; &nbsp; 5,60 EUR0,2l&nbsp; &nbsp; 3,40 EUR Coca Cola Light0,4l&nbsp; &nbsp; 5,60 EUR0,2l&nbsp; &nbsp; 3,40 EUR Fanta0,4l&nbsp; &nbsp; 5,60 EUR0,2l&nbsp; &nbsp; 3,40 EUR Spezi0,4l&nbsp; &nbsp; 5,60 EUR0,2l&nbsp; &nbsp; 3,40 EUR Zitronenlinonade0,4l&nbsp; &nbsp; 5,60 EUR0,2l&nbsp; &nbsp;&#8230;<\/p>\n","protected":false},"author":1,"featured_media":1415,"parent":0,"menu_order":0,"comment_status":"closed","ping_status":"closed","template":"my-templates\/template-fullwidth.php","meta":[],"_links":{"self":[{"href":"https:\/\/www.schnookeloch-heidelberg.de\/index.php?rest_route=\/wp\/v2\/pages\/1179"}],"collection":[{"href":"https:\/\/www.schnookeloch-heidelberg.de\/index.php?rest_route=\/wp\/v2\/pages"}],"about":[{"href":"https:\/\/www.schnookeloch-heidelberg.de\/index.php?rest_route=\/wp\/v2\/types\/page"}],"author":[{"embeddable":true,"href":"https:\/\/www.schnookeloch-heidelberg.de\/index.php?rest_route=\/wp\/v2\/users\/1"}],"replies":[{"embeddable":true,"href":"https:\/\/www.schnookeloch-heidelberg.de\/index.php?rest_route=%2Fwp%2Fv2%2Fcomments&post=1179"}],"version-history":[{"count":121,"href":"https:\/\/www.schnookeloch-heidelberg.de\/index.php?rest_route=\/wp\/v2\/pages\/1179\/revisions"}],"predecessor-version":[{"id":1511,"href":"https:\/\/www.schnookeloch-heidelberg.de\/index.php?rest_route=\/wp\/v2\/pages\/1179\/revisions\/1511"}],"wp:featuredmedia":[{"embeddable":true,"href":"https:\/\/www.schnookeloch-heidelberg.de\/index.php?rest_route=\/wp\/v2\/media\/1415"}],"wp:attachment":[{"href":"https:\/\/www.schnookeloch-heidelberg.de\/index.php?rest_route=%2Fwp%2Fv2%2Fmedia&parent=1179"}],"curies":[{"name":"wp","href":"https:\/\/api.w.org\/{rel}","templated":true}]}}